{"id":2,"date":"2021-06-21T12:44:24","date_gmt":"2021-06-21T12:44:24","guid":{"rendered":"https:\/\/gravitywebsite.com\/?page_id=2"},"modified":"2024-02-20T16:08:51","modified_gmt":"2024-02-20T16:08:51","slug":"sample-page","status":"publish","type":"page","link":"https:\/\/gravity-software.com\/en\/?page_id=2","title":{"rendered":"Praca"},"content":{"rendered":"\n<figure><a href=\"https:\/\/gravity-software.com\/en\/wp-content\/uploads\/2021\/09\/Gravitylogo51.png\" rel=\"https:\/\/gravity-software.com\/en\/\"><img loading=\"lazy\" src=\"https:\/\/gravity-software.com\/en\/wp-content\/uploads\/2021\/09\/Gravitylogo51-1024x270.png\" alt=\"\" width=\"458\" height=\"120\"><\/a><\/figure>\n<blockquote><p>Poszukujemy <strong>programist\u00f3w front-end<\/strong> o r\u00f3\u017cnym poziomie do\u015bwiadczenia, od <strong>junior\u00f3w<\/strong> do <strong>senior\u00f3w<\/strong>.<\/p>\n\n<p>Zarobki w zakresie <strong>5000 z\u0142 &#8211; 15 000 z\u0142<\/strong> miesi\u0119cznie.<\/p><\/blockquote>\n\n<p>Jeste\u015bmy firm\u0105 IT za\u0142o\u017con\u0105 w 2011 tworz\u0105c\u0105 g\u0142\u00f3wnie aplikacje dla bran\u017cy e-commerce, kt\u00f3re s\u0105 u\u017cywane przez ponad 50,000 firm w 90 krajach. Nasz\u0105 misj\u0105 jest dostarczanie jako\u015bciowych i unikalnych rozwi\u0105za\u0144 dla klient\u00f3w na ca\u0142ym \u015bwiecie. Lubimy programistyczne wyzwania i tworzymy w\u0142asne produkty w oparciu o do\u015bwiadczenie i pomys\u0142owo\u015b\u0107. W naszym zespole nowe pomys\u0142y i otwarto\u015b\u0107 na nowatorskie koncepcje s\u0105 zawsze mile widziane i doceniane. Wierzymy w to, \u017ce praca ma by\u0107 przyjemno\u015bci\u0105 i misj\u0105, a nie nudnym obowi\u0105zkiem.<\/p>\n<p>Rozwi\u0105zania, kt\u00f3re budujemy wymagaj\u0105 umiej\u0119tno\u015bci analitycznych, przewidywania potencjalnych problem\u00f3w w integracji i dobrych umiej\u0119tno\u015bci pisania algorytm\u00f3w. Nie funkcjonujemy w oparciu o sta\u017c pracy. Dla nas istniej\u0105 tylko dobrze i \u017ale napisane fragmenty kodu. Solidno\u015b\u0107 w realizowaniu obowi\u0105zk\u00f3w i przyjacielskie stosunki w zespole stanowi\u0105 fundament naszej firmy. Obce s\u0105 nam struktury i zasady panuj\u0105ce w korporacjach. Nasza firma jest wci\u0105\u017c start-up-em lecz szybko si\u0119 rozwija, co stanowi idealny moment, aby do nas do\u0142\u0105czy\u0107.<\/p>\n\n<ul>\n<li>Wsp\u00f3\u0142tworzy\u0107 pluginy\/aplikacje, kt\u00f3re integruj\u0105 si\u0119 z wieloma stronami internetowymi i platformami.<\/li>\n<li>Rozwi\u0105zywa\u0107 skomplikowane problemy przy pomocy algorytm\u00f3w.<\/li>\n<li>Supportowa\u0107 i ci\u0105gle doskonali\u0107 napisane aplikacje.<\/li>\n<li>Code review<\/li>\n<li>Nauczysz si\u0119 API dla popularnych platform jak: Salesforce, Shopify, Wix i wi\u0119cej.<\/li>\n<\/ul>\n\n\n<ul>\n<li>Bardzo dobra znajomo\u015b\u0107 frameworku React.<\/li>\n<li>Dobra znajomo\u015b\u0107 Vanilla JavaScript, jQuery oraz HTML \/ CSS.<\/li>\n<li>Testowanie napisanego kodu na bie\u017c\u0105co.<\/li>\n<li>Do\u015bwiadczenie w implementacji proces\u00f3w biznesowych i wsp\u00f3\u0142pracy z innymi programistami.<\/li>\n<\/ul>\n\n<ul>\n<li>Do\u015bwiadczenie w projektowaniu stron internetowych z naciskiem na UX\/UI design.<\/li>\n<li>Jakiekolwiek do\u015bwiadczenie w wsp\u00f3\u0142tworzeniu aplikacji lub platformy typu marketplace jest wielkim plusem.<\/li>\n<\/ul>\n\n<ul>\n<li>Komunikatywno\u015b\u0107 i umiej\u0119tno\u015b\u0107 wsp\u00f3\u0142pracy w zespole i zorganizowanie. Jeste\u015bmy zespo\u0142em i chcemy, aby\u015b by\u0142\/a jego cz\u0119\u015bci\u0105!<\/li>\n<li>Wyczucie estetyki.<\/li>\n<li>Przywi\u0105zywanie uwagi do szczeg\u00f3\u0142\u00f3w i testowania.<\/li>\n<li>Umiej\u0119tno\u015b\u0107 dzielenia si\u0119 swoj\u0105 wiedz\u0105 z mniej do\u015bwiadczonymi programistami.<\/li>\n<li>Proaktywna postawa wobec implementacji zmian.<\/li>\n<li>Dobry angielski.<\/li>\n<\/ul>\n\n<ul>\n<li>Praca nad projektem w ma\u0142ym zespole.<\/li>\n<li>Spokojne \u015brodowisko pracy, jeden projekt w danym czasie.<\/li>\n<li>100% pracy zdalnej.<\/li>\n<li>Wynagrodzenie 5000 z\u0142 &#8211; 15000 z\u0142 w zale\u017cno\u015bci od do\u015bwiadczenia.<\/li>\n<li>Najlepszy sprz\u0119t (pracujemy na Macbookach).<\/li>\n<li>Mo\u017cliwo\u015b\u0107 karty Multisport.<\/li>\n<li>Mi\u0142a i weso\u0142a atmosfera pracy.<\/li>\n<\/ul>\n<p>ZAPRASZAMY DO WSP\u00d3\u0141PRACY!<\/p>\n","protected":false},"excerpt":{"rendered":"<p>Poszukujemy programist\u00f3w front-end o r\u00f3\u017cnym poziomie do\u015bwiadczenia, od junior\u00f3w do senior\u00f3w. Zarobki w zakresie 5000 z\u0142 &#8211; 15 000 z\u0142 miesi\u0119cznie. Jeste\u015bmy firm\u0105 IT za\u0142o\u017con\u0105 w 2011 tworz\u0105c\u0105 g\u0142\u00f3wnie aplikacje dla bran\u017cy e-commerce, kt\u00f3re s\u0105 u\u017cywane przez ponad 50,000 firm w 90 krajach. Nasz\u0105 misj\u0105 jest dostarczanie jako\u015bciowych i unikalnych rozwi\u0105za\u0144 dla klient\u00f3w na ca\u0142ym &hellip;<\/p>\n<p class=\"read-more\"> <a class=\"\" href=\"https:\/\/gravity-software.com\/en\/?page_id=2\"> <span class=\"screen-reader-text\">Praca<\/span> Read More &raquo;<\/a><\/p>\n","protected":false},"author":1,"featured_media":0,"parent":325,"menu_order":0,"comment_status":"closed","ping_status":"closed","template":"","meta":[],"_links":{"self":[{"href":"https:\/\/gravity-software.com\/en\/index.php?rest_route=\/wp\/v2\/pages\/2"}],"collection":[{"href":"https:\/\/gravity-software.com\/en\/index.php?rest_route=\/wp\/v2\/pages"}],"about":[{"href":"https:\/\/gravity-software.com\/en\/index.php?rest_route=\/wp\/v2\/types\/page"}],"author":[{"embeddable":true,"href":"https:\/\/gravity-software.com\/en\/index.php?rest_route=\/wp\/v2\/users\/1"}],"replies":[{"embeddable":true,"href":"https:\/\/gravity-software.com\/en\/index.php?rest_route=%2Fwp%2Fv2%2Fcomments&post=2"}],"version-history":[{"count":24,"href":"https:\/\/gravity-software.com\/en\/index.php?rest_route=\/wp\/v2\/pages\/2\/revisions"}],"predecessor-version":[{"id":686,"href":"https:\/\/gravity-software.com\/en\/index.php?rest_route=\/wp\/v2\/pages\/2\/revisions\/686"}],"up":[{"embeddable":true,"href":"https:\/\/gravity-software.com\/en\/index.php?rest_route=\/wp\/v2\/pages\/325"}],"wp:attachment":[{"href":"https:\/\/gravity-software.com\/en\/index.php?rest_route=%2Fwp%2Fv2%2Fmedia&parent=2"}],"curies":[{"name":"wp","href":"https:\/\/api.w.org\/{rel}","templated":true}]}}